{"id":95742,"date":"2026-02-20T10:24:11","date_gmt":"2026-02-20T10:24:11","guid":{"rendered":"https:\/\/go-st.vizia.si\/?product=blixer-5-1v"},"modified":"2026-02-20T11:22:55","modified_gmt":"2026-02-20T11:22:55","slug":"blixer-5-1v","status":"publish","type":"product","link":"https:\/\/go-st.vizia.si\/?product=blixer-5-1v","title":{"rendered":"Blixer\u00ae 5 - 1V"},"content":{"rendered":"<h4>Skleda<\/h4>\n<p>Velika 5,9-litrska posoda iz bru\u0161enega nerjave\u010dega jekla z mehkim ro\u010dajem, zasnovana za ve\u010dje udobje ter trden in varen oprijem. Prihranite \u010das s pove\u010danjem<br \/> obdelanih koli\u010din.<\/p>\n<h4>Fino nazob\u010dano rezilo<\/h4>\n<p>standardno dobavljeno z odstranljivim pokrov\u010dkom za \u010di\u0161\u010denje.<\/p>\n<h4>Roka Blixer \u00ae<\/h4>\n<p>Za bolj enakomerno <strong>konsistenco.<\/strong><br \/> Enostavna odstranitev in \u010di\u0161\u010denje za <strong>popolno higieno<\/strong><\/p>\n<h4>\u010casovnik<\/h4>\n<p>s funkcijo od\u0161tevanja in \u0161toparice za manj napora, ve\u010djo natan\u010dnost in bolj enakomerne rezultate ne glede na recept.<\/p>\n<h4>Ena hitrost<\/h4>\n<p>Zahvaljujo\u010d visoki hitrosti 3000 vrt\/min lahko dose\u017ee tudi najbolj gladke teksture.<\/p>\n<h4>Zmogljiv motor<\/h4>\n<p>- Industrijski indukcijski motor za zahtevno uporabo zagotavlja vzdr\u017eljivost in zanesljivost.<br \/> - Motor zgrajen na krogli\u010dnih le\u017eajih za tiho delovanje brez vibracij<br \/> - Motor z neposrednim pogonom:<br \/> &nbsp; \u2022 Dodatna mo\u010d<br \/> &nbsp; \u2022 Brez jermenov<br \/> &nbsp; \u2022 Brez vzdr\u017eevanja<br \/> - Brez \u0161\u010detk<br \/> - Gred motorja iz nerjave\u010dega jekla<\/p>\n","protected":false},"excerpt":{"rendered":"<p>Blixer<sup><sup><sup>\u00ae<\/sup><\/sup><\/sup>, posebej zasnovan za zdravstveni sektor, spreminja surove izdelke v \u017eivila s spremenjeno teksturo.<br \/> Vsa \u017eivila, surova ali kuhana, sladka ali slana, glavne jedi, sladice ali sir, lahko jedo vsi za mizo, tudi najstarej\u0161i.<br \/> Idealen za pripravo 3\u201320 porcij<\/p>\n","protected":false},"featured_media":94625,"comment_status":"closed","ping_status":"closed","template":"","meta":{"_acf_changed":false},"product_brand":[168],"product_cat":[127],"product_tag":[],"class_list":{"0":"post-95742","1":"product","2":"type-product","3":"status-publish","4":"has-post-thumbnail","6":"product_brand-robot-coupe","7":"product_cat-rezalniki-in-sekljalniki-sadja-in-zelenjave","9":"first","10":"instock","11":"shipping-taxable","12":"purchasable","13":"product-type-variable"},"acf":[],"_links":{"self":[{"href":"https:\/\/go-st.vizia.si\/index.php?rest_route=\/wp\/v2\/product\/95742","targetHints":{"allow":["GET"]}}],"collection":[{"href":"https:\/\/go-st.vizia.si\/index.php?rest_route=\/wp\/v2\/product"}],"about":[{"href":"https:\/\/go-st.vizia.si\/index.php?rest_route=\/wp\/v2\/types\/product"}],"replies":[{"embeddable":true,"href":"https:\/\/go-st.vizia.si\/index.php?rest_route=%2Fwp%2Fv2%2Fcomments&post=95742"}],"wp:featuredmedia":[{"embeddable":true,"href":"https:\/\/go-st.vizia.si\/index.php?rest_route=\/wp\/v2\/media\/94625"}],"wp:attachment":[{"href":"https:\/\/go-st.vizia.si\/index.php?rest_route=%2Fwp%2Fv2%2Fmedia&parent=95742"}],"wp:term":[{"taxonomy":"product_brand","embeddable":true,"href":"https:\/\/go-st.vizia.si\/index.php?rest_route=%2Fwp%2Fv2%2Fproduct_brand&post=95742"},{"taxonomy":"product_cat","embeddable":true,"href":"https:\/\/go-st.vizia.si\/index.php?rest_route=%2Fwp%2Fv2%2Fproduct_cat&post=95742"},{"taxonomy":"product_tag","embeddable":true,"href":"https:\/\/go-st.vizia.si\/index.php?rest_route=%2Fwp%2Fv2%2Fproduct_tag&post=95742"}],"curies":[{"name":"wp","href":"https:\/\/api.w.org\/{rel}","templated":true}]}}