{"id":95750,"date":"2026-02-20T10:24:16","date_gmt":"2026-02-20T10:24:16","guid":{"rendered":"https:\/\/go-st.vizia.si\/?product=blixer-60"},"modified":"2026-02-20T11:22:55","modified_gmt":"2026-02-20T11:22:55","slug":"blixer-60","status":"publish","type":"product","link":"https:\/\/go-st.vizia.si\/?product=blixer-60","title":{"rendered":"Blixer\u00ae 60"},"content":{"rendered":"<h3 class=\"desc-headings\">60-litrska posoda iz nerjave\u010dega jekla<\/h3>\n<p>- Nagibni mehanizem za ve\u010d kot 90\u00b0 za enostavno praznjenje va\u0161ega pripravka.<br \/>- Snemljivo, ekskluzivno za Robot Coupe, za enostavno \u010di\u0161\u010denje.<\/p>\n<h3 class=\"desc-headings\">Fino nazob\u010dano rezilo<\/h3>\n<p>Dno posode iz 100 % nerjave\u010dega jekla z drobno nazob\u010danim robom za delo z majhnimi in velikimi koli\u010dinami. Snemljivo in nastavljivo.<\/p>\n<h3 class=\"desc-headings\">Roka Blixer\u00ae<\/h3>\n<p>Za izbolj\u0161anje turbulence in posledi\u010dno konsistence kon\u010dnega izdelka.<\/p>\n<h3 class=\"desc-headings\">Nadzorna plo\u0161\u010da<\/h3>\n<p>- \u010casovnik: od 0 do 15 minut za konsistenco. Samodejno ponovi prej nastavljeni \u010das.<br \/> - Gumbi za upravljanje iz nerjave\u010dega jekla: poravnani z ohi\u0161jem za enostavno \u010di\u0161\u010denje in vzdr\u017eljivost.<br \/> - Kontrolne lu\u010dke za varnost uporabnika.<br \/> - Pulzni nadzor za natan\u010dno obdelavo.<br \/> &nbsp;<\/p>\n<h3 class=\"desc-headings\">Prozoren pokrov iz polikarbonata<\/h3>\n<p>- Brisalec pokrova vam omogo\u010da spremljanje priprave od za\u010detka do konca.<br \/> - Odprtina na sredini za dodajanje teko\u010din ali suhih sestavin med obdelavo.<br \/> - Zasnovan tako, da teko\u010dino usmeri nazaj v posodo, ko je odprta.<br \/> - Gumijasto tesnilo prepre\u010duje prelivanje teko\u010dine.<br \/> - Hitro in enostavno odstranjevanje za \u010di\u0161\u010denje.<br \/> - Primerno za pomivanje v pomivalnem stroju.<\/p>\n<h3 class=\"desc-headings\">Indukcijski motor za intenzivno uporabo<\/h3>\n<p>Zmogljiv komercialni motor za zagotavljanje vzdr\u017eljivosti in zanesljivosti.<\/p>\n","protected":false},"excerpt":{"rendered":"<p><strong>Idealno za obdelavo 30\u2013225 porcij. <\/strong><br \/> Ta stoje\u010da enota je idealna za \u010dim hitrej\u0161o obdelavo velikih koli\u010din. Zasnovana je za pomo\u010d zdravstvenemu sektorju pri pripravi obrokov s spremenjeno teksturo za njihove stanovalce. Vsa \u017eivila, surova ali kuhana, sladka ali slana, glavne jedi, sladice ali sir, se lahko obdelajo do razli\u010dnih stopenj teksture.<\/p>\n","protected":false},"featured_media":94664,"comment_status":"closed","ping_status":"closed","template":"","meta":{"_acf_changed":false},"product_brand":[168],"product_cat":[127],"product_tag":[],"class_list":{"0":"post-95750","1":"product","2":"type-product","3":"status-publish","4":"has-post-thumbnail","6":"product_brand-robot-coupe","7":"product_cat-rezalniki-in-sekljalniki-sadja-in-zelenjave","9":"first","10":"instock","11":"shipping-taxable","12":"purchasable","13":"product-type-variable"},"acf":[],"_links":{"self":[{"href":"https:\/\/go-st.vizia.si\/index.php?rest_route=\/wp\/v2\/product\/95750","targetHints":{"allow":["GET"]}}],"collection":[{"href":"https:\/\/go-st.vizia.si\/index.php?rest_route=\/wp\/v2\/product"}],"about":[{"href":"https:\/\/go-st.vizia.si\/index.php?rest_route=\/wp\/v2\/types\/product"}],"replies":[{"embeddable":true,"href":"https:\/\/go-st.vizia.si\/index.php?rest_route=%2Fwp%2Fv2%2Fcomments&post=95750"}],"wp:featuredmedia":[{"embeddable":true,"href":"https:\/\/go-st.vizia.si\/index.php?rest_route=\/wp\/v2\/media\/94664"}],"wp:attachment":[{"href":"https:\/\/go-st.vizia.si\/index.php?rest_route=%2Fwp%2Fv2%2Fmedia&parent=95750"}],"wp:term":[{"taxonomy":"product_brand","embeddable":true,"href":"https:\/\/go-st.vizia.si\/index.php?rest_route=%2Fwp%2Fv2%2Fproduct_brand&post=95750"},{"taxonomy":"product_cat","embeddable":true,"href":"https:\/\/go-st.vizia.si\/index.php?rest_route=%2Fwp%2Fv2%2Fproduct_cat&post=95750"},{"taxonomy":"product_tag","embeddable":true,"href":"https:\/\/go-st.vizia.si\/index.php?rest_route=%2Fwp%2Fv2%2Fproduct_tag&post=95750"}],"curies":[{"name":"wp","href":"https:\/\/api.w.org\/{rel}","templated":true}]}}