{"id":95753,"date":"2026-02-20T10:24:17","date_gmt":"2026-02-20T10:24:17","guid":{"rendered":"https:\/\/go-st.vizia.si\/?product=palicni-mesalnik-micromix"},"modified":"2026-02-20T11:33:33","modified_gmt":"2026-02-20T11:33:33","slug":"palicni-mesalnik-micromix","status":"publish","type":"product","link":"https:\/\/go-st.vizia.si\/?product=palicni-mesalnik-micromix","title":{"rendered":"Pali\u010dni me\u0161alnik MicroMix"},"content":{"rendered":"<h4>Zmogljivost<\/h4>\n<p>Mo\u010dan in tih. Zvon je zasnovan za hitre rezultate. Za pripravo popolne pene ali emulzije potrebujete le nekaj sekund!<\/p>\n<h4>Trdnost<\/h4>\n<p>Noga, zvon, pokrov motorja in nastavki so v celoti iz nerjave\u010dega jekla.<\/p>\n<h4>\u010ci\u0161\u010denje<\/h4>\n<p>Cev in nastavke je mogo\u010de odstraniti za la\u017eje \u010di\u0161\u010denje.<br \/> &nbsp;<\/p>\n<h4>Ergonomija<\/h4>\n<p>Raztegljiv spiralni napajalni kabel za la\u017eje rokovanje. Najve\u010dja dol\u017eina 1300 mm. Idealno za uporabo tik pred serviranjem.<br \/> Stenski nosilec ponuja prakti\u010dno re\u0161itev za shranjevanje tako potopnega me\u0161alnika kot njegovih nastavkov.<\/p>\n<h4>Aeromix<\/h4>\n<p>Patentirano orodje, zasnovano za ustvarjanje instantnih, lahkih in zra\u010dnih emulzij ali pen, ki ohranijo obliko na kro\u017eniku.<\/p>\n<h4>Vsestranski<\/h4>\n<p>Natan\u010den in enostavno dostopen gumb za nastavitev hitrosti za enostavno izbiro hitrosti glede na \u017eeleno teksturo.<\/p>\n","protected":false},"excerpt":{"rendered":"<p>Najbolj\u0161a izbira kuharjev. Za pripravo popolne emulzije potrebujete le nekaj sekund!<\/p>\n","protected":false},"featured_media":94993,"comment_status":"closed","ping_status":"closed","template":"","meta":{"_acf_changed":false},"product_brand":[168],"product_cat":[66],"product_tag":[],"class_list":{"0":"post-95753","1":"product","2":"type-product","3":"status-publish","4":"has-post-thumbnail","6":"product_brand-robot-coupe","7":"product_cat-palicni-mesalniki","9":"first","10":"instock","11":"shipping-taxable","12":"purchasable","13":"product-type-variable"},"acf":[],"_links":{"self":[{"href":"https:\/\/go-st.vizia.si\/index.php?rest_route=\/wp\/v2\/product\/95753","targetHints":{"allow":["GET"]}}],"collection":[{"href":"https:\/\/go-st.vizia.si\/index.php?rest_route=\/wp\/v2\/product"}],"about":[{"href":"https:\/\/go-st.vizia.si\/index.php?rest_route=\/wp\/v2\/types\/product"}],"replies":[{"embeddable":true,"href":"https:\/\/go-st.vizia.si\/index.php?rest_route=%2Fwp%2Fv2%2Fcomments&post=95753"}],"wp:featuredmedia":[{"embeddable":true,"href":"https:\/\/go-st.vizia.si\/index.php?rest_route=\/wp\/v2\/media\/94993"}],"wp:attachment":[{"href":"https:\/\/go-st.vizia.si\/index.php?rest_route=%2Fwp%2Fv2%2Fmedia&parent=95753"}],"wp:term":[{"taxonomy":"product_brand","embeddable":true,"href":"https:\/\/go-st.vizia.si\/index.php?rest_route=%2Fwp%2Fv2%2Fproduct_brand&post=95753"},{"taxonomy":"product_cat","embeddable":true,"href":"https:\/\/go-st.vizia.si\/index.php?rest_route=%2Fwp%2Fv2%2Fproduct_cat&post=95753"},{"taxonomy":"product_tag","embeddable":true,"href":"https:\/\/go-st.vizia.si\/index.php?rest_route=%2Fwp%2Fv2%2Fproduct_tag&post=95753"}],"curies":[{"name":"wp","href":"https:\/\/api.w.org\/{rel}","templated":true}]}}