{"id":95767,"date":"2026-02-20T10:24:23","date_gmt":"2026-02-20T10:24:23","guid":{"rendered":"https:\/\/go-st.vizia.si\/?product=palicni-mesalnik-mp-800-turbo"},"modified":"2026-02-20T11:32:55","modified_gmt":"2026-02-20T11:32:55","slug":"palicni-mesalnik-mp-800-turbo","status":"publish","type":"product","link":"https:\/\/go-st.vizia.si\/?product=palicni-mesalnik-mp-800-turbo","title":{"rendered":"Pali\u010dni me\u0161alnik MP 800 Turbo"},"content":{"rendered":"<h3 class=\"desc-headings\">Zmogljivost<\/h3>\n<p>Motor z visoko mo\u010djo in elektronskim sistemom Booster: +20 % za ve\u010djo u\u010dinkovitost.<br \/> Izbolj\u0161ana zmogljivost za optimizacijo \u010dasa me\u0161anja.<\/p>\n<h3 class=\"desc-headings\">Trdnost<\/h3>\n<p>Noga, zvonec, pokrov motorja in nastavki so v celoti iz nerjave\u010dega jekla \u2013 za dalj\u0161o \u017eivljenjsko dobo potopnega me\u0161alnika.<br \/> Oja\u010dan zvonec.<\/p>\n<h3 class=\"desc-headings\">\u010ci\u0161\u010denje<\/h3>\n<p>Zvonec in rezilo je mogo\u010de odstraniti za enostavno \u010di\u0161\u010denje, popolno higieno in enostavno vzdr\u017eevanje \u2013 ekskluzivni patentirani sistem Robot Coupe.<\/p>\n<h3 class=\"desc-headings\">Enostavna uporaba<\/h3>\n<p>Vgrajen sekundarni ro\u010daj je zasnovan za ve\u010dje udobje in la\u017eje premikanje.<\/p>\n<h3 class=\"desc-headings\">Snemljiv napajalni kabel<\/h3>\n<p>Nov patentiran sistem 'EasyPlug' omogo\u010da enostavno zamenjavo napajalnega kabla, \u010de je potrebno. Osvetljen indikator napetosti: hitro zaznavanje v primeru okvare napajalnega kabla. Indikator zasveti, \u010de kabel ni po\u0161kodovan in je pravilno priklju\u010den na obeh straneh (stenska vti\u010dnica in EasyPlug).<br \/> &nbsp;<\/p>\n","protected":false},"excerpt":{"rendered":"<p>\u0160e bolj\u0161a zmogljivost in ergonomija!<br \/> Za intenzivno uporabo, ustanove in gostinske obrate.<br \/> Z najve\u010djo prostornino 400 l lahko MP 800 Turbo me\u0161a, blendira in emulgira v hipu!<\/p>\n","protected":false},"featured_media":95018,"comment_status":"closed","ping_status":"closed","template":"","meta":{"_acf_changed":false},"product_brand":[168],"product_cat":[66],"product_tag":[],"class_list":{"0":"post-95767","1":"product","2":"type-product","3":"status-publish","4":"has-post-thumbnail","6":"product_brand-robot-coupe","7":"product_cat-palicni-mesalniki","9":"first","10":"instock","11":"shipping-taxable","12":"purchasable","13":"product-type-variable"},"acf":[],"_links":{"self":[{"href":"https:\/\/go-st.vizia.si\/index.php?rest_route=\/wp\/v2\/product\/95767","targetHints":{"allow":["GET"]}}],"collection":[{"href":"https:\/\/go-st.vizia.si\/index.php?rest_route=\/wp\/v2\/product"}],"about":[{"href":"https:\/\/go-st.vizia.si\/index.php?rest_route=\/wp\/v2\/types\/product"}],"replies":[{"embeddable":true,"href":"https:\/\/go-st.vizia.si\/index.php?rest_route=%2Fwp%2Fv2%2Fcomments&post=95767"}],"wp:featuredmedia":[{"embeddable":true,"href":"https:\/\/go-st.vizia.si\/index.php?rest_route=\/wp\/v2\/media\/95018"}],"wp:attachment":[{"href":"https:\/\/go-st.vizia.si\/index.php?rest_route=%2Fwp%2Fv2%2Fmedia&parent=95767"}],"wp:term":[{"taxonomy":"product_brand","embeddable":true,"href":"https:\/\/go-st.vizia.si\/index.php?rest_route=%2Fwp%2Fv2%2Fproduct_brand&post=95767"},{"taxonomy":"product_cat","embeddable":true,"href":"https:\/\/go-st.vizia.si\/index.php?rest_route=%2Fwp%2Fv2%2Fproduct_cat&post=95767"},{"taxonomy":"product_tag","embeddable":true,"href":"https:\/\/go-st.vizia.si\/index.php?rest_route=%2Fwp%2Fv2%2Fproduct_tag&post=95767"}],"curies":[{"name":"wp","href":"https:\/\/api.w.org\/{rel}","templated":true}]}}