{"id":95768,"date":"2026-02-20T10:24:24","date_gmt":"2026-02-20T10:24:24","guid":{"rendered":"https:\/\/go-st.vizia.si\/?product=palicni-mesalnik-mp-350-ultra-tp"},"modified":"2026-02-20T11:32:55","modified_gmt":"2026-02-20T11:32:55","slug":"palicni-mesalnik-mp-350-ultra-tp","status":"publish","type":"product","link":"https:\/\/go-st.vizia.si\/?product=palicni-mesalnik-mp-350-ultra-tp","title":{"rendered":"Pali\u010dni me\u0161alnik MP 350 Ultra TP"},"content":{"rendered":"<h3 class=\"desc-headings\">Mo\u010d<\/h3>\n<p>Motor z visoko mo\u010djo, zasnovan za me\u0161anje velikih koli\u010din v nagibnih ponvah za pe\u010denje.<br \/> &nbsp;<\/p>\n<h3 class=\"desc-headings\">Trdnost<\/h3>\n<p>Podstavek motorja iz nerjave\u010dega jekla za intenzivno uporabo. Gred, zvon in rezilo iz nerjave\u010dega jekla. Oja\u010dan zvon.<br \/> &nbsp;<\/p>\n<h3 class=\"desc-headings\">\u010ci\u0161\u010denje<\/h3>\n<p>Zvon in rezilo je mogo\u010de odstraniti za enostavno \u010di\u0161\u010denje, popolno higieno in enostavno vzdr\u017eevanje \u2013 ekskluzivni patentirani sistem Robot Coupe.<\/p>\n<h3 class=\"desc-headings\">Ergonomija<\/h3>\n<p>Dvojni ro\u010daj \u2013 maksimalno udobje!<br \/> Ergonomski ro\u010daji za optimalno udobje uporabnika, enostavna uporaba zaradi bolj\u0161e porazdelitve te\u017ee naprave!<\/p>\n<h3 class=\"desc-headings\">Enostavna uporaba<\/h3>\n<p>Oja\u010dan zvon z obro\u010dem iz nerjave\u010dega jekla, ki omogo\u010da enostavno drsenje naprave v nagibni ponvi za pe\u010denje, z odli\u010dno okretnostjo.<\/p>\n<h3 class=\"desc-headings\">Snemljiv napajalni kabel<\/h3>\n<p>Patentiran sistem \u00bbEasyPlug\u00ab pomeni, da je mogo\u010de napajalni kabel enostavno zamenjati med poprodajnim servisiranjem. Indikatorska lu\u010dka: hitro zaznavanje okvare napajalnega kabla. Zelena lu\u010dka zasveti, \u010de je kabel nepo\u0161kodovan in pravilno priklju\u010den na obeh straneh (stenska vti\u010dnica in EasyPlug).<\/p>\n","protected":false},"excerpt":{"rendered":"<p>Posebej zasnovan za uporabo v nagibnih ponvah.<br \/> Komercialna gostinska ponudba \/ Institucije<br \/> Zaradi kratkega podno\u017eja in zmogljivega motorja je MP 350 Ultra zasnovan za uporabo v nagibnih ponvah s prostornino do 100 litrov.<\/p>\n","protected":false},"featured_media":95022,"comment_status":"closed","ping_status":"closed","template":"","meta":{"_acf_changed":false},"product_brand":[168],"product_cat":[66],"product_tag":[],"class_list":{"0":"post-95768","1":"product","2":"type-product","3":"status-publish","4":"has-post-thumbnail","6":"product_brand-robot-coupe","7":"product_cat-palicni-mesalniki","9":"first","10":"instock","11":"shipping-taxable","12":"purchasable","13":"product-type-variable"},"acf":[],"_links":{"self":[{"href":"https:\/\/go-st.vizia.si\/index.php?rest_route=\/wp\/v2\/product\/95768","targetHints":{"allow":["GET"]}}],"collection":[{"href":"https:\/\/go-st.vizia.si\/index.php?rest_route=\/wp\/v2\/product"}],"about":[{"href":"https:\/\/go-st.vizia.si\/index.php?rest_route=\/wp\/v2\/types\/product"}],"replies":[{"embeddable":true,"href":"https:\/\/go-st.vizia.si\/index.php?rest_route=%2Fwp%2Fv2%2Fcomments&post=95768"}],"wp:featuredmedia":[{"embeddable":true,"href":"https:\/\/go-st.vizia.si\/index.php?rest_route=\/wp\/v2\/media\/95022"}],"wp:attachment":[{"href":"https:\/\/go-st.vizia.si\/index.php?rest_route=%2Fwp%2Fv2%2Fmedia&parent=95768"}],"wp:term":[{"taxonomy":"product_brand","embeddable":true,"href":"https:\/\/go-st.vizia.si\/index.php?rest_route=%2Fwp%2Fv2%2Fproduct_brand&post=95768"},{"taxonomy":"product_cat","embeddable":true,"href":"https:\/\/go-st.vizia.si\/index.php?rest_route=%2Fwp%2Fv2%2Fproduct_cat&post=95768"},{"taxonomy":"product_tag","embeddable":true,"href":"https:\/\/go-st.vizia.si\/index.php?rest_route=%2Fwp%2Fv2%2Fproduct_tag&post=95768"}],"curies":[{"name":"wp","href":"https:\/\/api.w.org\/{rel}","templated":true}]}}