{"id":95771,"date":"2026-02-20T10:24:25","date_gmt":"2026-02-20T10:24:25","guid":{"rendered":"https:\/\/go-st.vizia.si\/?product=palicni-mesalnik-mp-240-combi"},"modified":"2026-02-20T11:32:55","modified_gmt":"2026-02-20T11:32:55","slug":"palicni-mesalnik-mp-240-combi","status":"publish","type":"product","link":"https:\/\/go-st.vizia.si\/?product=palicni-mesalnik-mp-240-combi","title":{"rendered":"Pali\u010dni me\u0161alnik MP 240 Combi"},"content":{"rendered":"<h3 class=\"desc-headings\">Zmogljivost<\/h3>\n<p>Rezilo, zasnovano za optimalno me\u0161anje<\/p>\n<h3 class=\"desc-headings\">Trdnost<\/h3>\n<p>Noga, zvon, pokrov motorja in nastavki so v celoti iz nerjave\u010dega jekla \u2013 za dalj\u0161o \u017eivljenjsko dobo potopnega me\u0161alnika.<\/p>\n<h3 class=\"desc-headings\">\u010ci\u0161\u010denje<\/h3>\n<p>Cev, zvon, rezilo, metlica in nastavki se lahko odstranijo za enostavno \u010di\u0161\u010denje. Patentiran sistem Robot-Coupe.<br \/> Stenski nosilec ponuja prakti\u010dno re\u0161itev za shranjevanje potopnega me\u0161alnika in njegovih nastavkov.<br \/> &nbsp;<\/p>\n<h3 class=\"desc-headings\">Ergonomija<\/h3>\n<p>Ergonomski ro\u010daj je zasnovan za maksimalen oprijem in zmanj\u0161anje utrujenosti uporabnika pri dr\u017eanju enote.<br \/> Natan\u010den in enostavno dostopen gumb za nastavitev hitrosti<br \/> za enostavno izbiro hitrosti glede na \u017eeleno teksturo.<br \/> Stenski nosilec ponuja prakti\u010dno re\u0161itev za shranjevanje potopnega me\u0161alnika in njegovih nastavkov.<\/p>\n<h3 class=\"desc-headings\">Menjalnik nastavka za metlico<\/h3>\n<p>Kovinski zobniki v dveh kovinskih ohi\u0161jih, ki prenesejo te\u017eke obremenitve delovna uporaba.<br \/> Nastavek za metlico Robot-Coupe je zasnovan za emulgiranje, me\u0161anje, lupljenje, stepanje in gnetenje.<\/p>\n<h3 class=\"desc-headings\">Aeromix<\/h3>\n<p>Patentirano orodje, zasnovano za ustvarjanje takoj\u0161njih, lahkih in zra\u010dnih emulzij ali pen, ki na kro\u017eniku ohranijo svojo obliko.<\/p>\n","protected":false},"excerpt":{"rendered":"<p>Minimalna velikost, maksimalna zmogljivost!<br \/> Za omake, emulzije in manj\u0161e pripravke.<\/p>\n","protected":false},"featured_media":95002,"comment_status":"closed","ping_status":"closed","template":"","meta":{"_acf_changed":false},"product_brand":[168],"product_cat":[66],"product_tag":[],"class_list":{"0":"post-95771","1":"product","2":"type-product","3":"status-publish","4":"has-post-thumbnail","6":"product_brand-robot-coupe","7":"product_cat-palicni-mesalniki","9":"first","10":"instock","11":"shipping-taxable","12":"purchasable","13":"product-type-variable"},"acf":[],"_links":{"self":[{"href":"https:\/\/go-st.vizia.si\/index.php?rest_route=\/wp\/v2\/product\/95771","targetHints":{"allow":["GET"]}}],"collection":[{"href":"https:\/\/go-st.vizia.si\/index.php?rest_route=\/wp\/v2\/product"}],"about":[{"href":"https:\/\/go-st.vizia.si\/index.php?rest_route=\/wp\/v2\/types\/product"}],"replies":[{"embeddable":true,"href":"https:\/\/go-st.vizia.si\/index.php?rest_route=%2Fwp%2Fv2%2Fcomments&post=95771"}],"wp:featuredmedia":[{"embeddable":true,"href":"https:\/\/go-st.vizia.si\/index.php?rest_route=\/wp\/v2\/media\/95002"}],"wp:attachment":[{"href":"https:\/\/go-st.vizia.si\/index.php?rest_route=%2Fwp%2Fv2%2Fmedia&parent=95771"}],"wp:term":[{"taxonomy":"product_brand","embeddable":true,"href":"https:\/\/go-st.vizia.si\/index.php?rest_route=%2Fwp%2Fv2%2Fproduct_brand&post=95771"},{"taxonomy":"product_cat","embeddable":true,"href":"https:\/\/go-st.vizia.si\/index.php?rest_route=%2Fwp%2Fv2%2Fproduct_cat&post=95771"},{"taxonomy":"product_tag","embeddable":true,"href":"https:\/\/go-st.vizia.si\/index.php?rest_route=%2Fwp%2Fv2%2Fproduct_tag&post=95771"}],"curies":[{"name":"wp","href":"https:\/\/api.w.org\/{rel}","templated":true}]}}