{"id":95773,"date":"2026-02-20T10:24:26","date_gmt":"2026-02-20T10:24:26","guid":{"rendered":"https:\/\/go-st.vizia.si\/?product=palicni-mesalnik-cmp-300-combi"},"modified":"2026-02-20T11:32:55","modified_gmt":"2026-02-20T11:32:55","slug":"palicni-mesalnik-cmp-300-combi","status":"publish","type":"product","link":"https:\/\/go-st.vizia.si\/?product=palicni-mesalnik-cmp-300-combi","title":{"rendered":"Pali\u010dni me\u0161alnik CMP 300 Combi"},"content":{"rendered":"<h3 class=\"desc-headings\">Zmogljivost<\/h3>\n<p>Optimalna kakovost me\u0161anja za fino teksturiran in homogen kon\u010dni izdelek v minimalnem \u010dasu.<br \/> Visokozmogljiv motor: + 15 % za ve\u010djo u\u010dinkovitost.<\/p>\n<h3 class=\"desc-headings\">Trdnost<\/h3>\n<p>Noga, zvon, pokrov motorja in nastavki so v celoti iz nerjave\u010dega jekla \u2013 za dalj\u0161o \u017eivljenjsko dobo potopnega me\u0161alnika.<br \/> Kovinski zobniki v 2 kovinskih ohi\u0161jih, ki vzdr\u017eijo intenzivno uporabo.<br \/> Nastavek za metlico Robot-Coupe je zasnovan za emulgiranje, me\u0161anje, lu\u0161\u010denje, stepanje in gnetenje.<\/p>\n<h3 class=\"desc-headings\">\u010ci\u0161\u010denje<\/h3>\n<p>Zvon, rezilo in metlico je mogo\u010de odstraniti za enostavno \u010di\u0161\u010denje, popolno higieno in enostavno vzdr\u017eevanje \u2013 ekskluzivni patentirani sistem Robot Coupe.<\/p>\n<h3 class=\"desc-headings\">Ergonomija<\/h3>\n<p>Nov ergonomski ro\u010daj za ve\u010dje udobje uporabnika.<br \/> Inovativna izboklina na ohi\u0161ju motorja slu\u017ei kot naslon in vrtenje na robu ponve. La\u017eje in varneje za uporabnika.<br \/> Nov sistem navijanja napajalnega kabla za enostavno shranjevanje in optimizirano \u017eivljenjsko dobo.<br \/> Stenski nosilec ponuja prakti\u010dno re\u0161itev za shranjevanje tako potopnega me\u0161alnika kot njegovih nastavkov.<\/p>\n<h3 class=\"desc-headings\">Vsestranski<\/h3>\n<p>Spremenljiva in samoregulirana hitrost za odli\u010dne rezultate in doslednost. Ergonomski gumb za nastavitev hitrosti za ve\u010dje udobje.<\/p>\n<h3 class=\"desc-headings\">Snemljiv napajalni kabel<\/h3>\n<p>Nov patentiran sistem \u00bbEasyPlug\u00ab omogo\u010da enostavno zamenjavo napajalnega kabla, \u010de je potrebno. Osvetljen indikator napetosti: hitro zaznavanje v primeru okvare napajalnega kabla. Indikator zasveti, \u010de kabel ni po\u0161kodovan in je pravilno priklju\u010den na obeh straneh (stenska vti\u010dnica in EasyPlug).<\/p>\n","protected":false},"excerpt":{"rendered":"<p>Kompakten, enostaven za uporabo, visoko zmogljiv.<br \/> Za restavracije in kavarne.<br \/> Z najve\u010djo prostornino 30 l lahko CMP 300 Combi me\u0161a, stepa, gnete in emulgira v hipu.<\/p>\n","protected":false},"featured_media":94752,"comment_status":"closed","ping_status":"closed","template":"","meta":{"_acf_changed":false},"product_brand":[168],"product_cat":[66],"product_tag":[],"class_list":{"0":"post-95773","1":"product","2":"type-product","3":"status-publish","4":"has-post-thumbnail","6":"product_brand-robot-coupe","7":"product_cat-palicni-mesalniki","9":"first","10":"instock","11":"shipping-taxable","12":"purchasable","13":"product-type-variable"},"acf":[],"_links":{"self":[{"href":"https:\/\/go-st.vizia.si\/index.php?rest_route=\/wp\/v2\/product\/95773","targetHints":{"allow":["GET"]}}],"collection":[{"href":"https:\/\/go-st.vizia.si\/index.php?rest_route=\/wp\/v2\/product"}],"about":[{"href":"https:\/\/go-st.vizia.si\/index.php?rest_route=\/wp\/v2\/types\/product"}],"replies":[{"embeddable":true,"href":"https:\/\/go-st.vizia.si\/index.php?rest_route=%2Fwp%2Fv2%2Fcomments&post=95773"}],"wp:featuredmedia":[{"embeddable":true,"href":"https:\/\/go-st.vizia.si\/index.php?rest_route=\/wp\/v2\/media\/94752"}],"wp:attachment":[{"href":"https:\/\/go-st.vizia.si\/index.php?rest_route=%2Fwp%2Fv2%2Fmedia&parent=95773"}],"wp:term":[{"taxonomy":"product_brand","embeddable":true,"href":"https:\/\/go-st.vizia.si\/index.php?rest_route=%2Fwp%2Fv2%2Fproduct_brand&post=95773"},{"taxonomy":"product_cat","embeddable":true,"href":"https:\/\/go-st.vizia.si\/index.php?rest_route=%2Fwp%2Fv2%2Fproduct_cat&post=95773"},{"taxonomy":"product_tag","embeddable":true,"href":"https:\/\/go-st.vizia.si\/index.php?rest_route=%2Fwp%2Fv2%2Fproduct_tag&post=95773"}],"curies":[{"name":"wp","href":"https:\/\/api.w.org\/{rel}","templated":true}]}}