{"id":95774,"date":"2026-02-20T10:24:27","date_gmt":"2026-02-20T10:24:27","guid":{"rendered":"https:\/\/go-st.vizia.si\/?product=palicni-mesalnik-mp-350-ultra-combi"},"modified":"2026-02-20T11:32:55","modified_gmt":"2026-02-20T11:32:55","slug":"palicni-mesalnik-mp-350-ultra-combi","status":"publish","type":"product","link":"https:\/\/go-st.vizia.si\/?product=palicni-mesalnik-mp-350-ultra-combi","title":{"rendered":"Pali\u010dni me\u0161alnik MP 350 Ultra Combi"},"content":{"rendered":"<h4>Zmogljivost<\/h4>\n<p>Motor z visoko mo\u010djo: +20 % za ve\u010djo u\u010dinkovitost.<br \/> Izbolj\u0161ana zmogljivost za optimizacijo \u010dasa me\u0161anja.<\/p>\n<h4>Trdnost<\/h4>\n<p>Noga, zvon, pokrov motorja in nastavki so v celoti iz nerjave\u010dega jekla \u2013 za dalj\u0161o \u017eivljenjsko dobo potopnega me\u0161alnika.<br \/> Kovinski menjalnik metlice: zobniki so v dveh lo\u010denih kovinskih ohi\u0161jih, zaradi \u010desar je menjalnik zelo mo\u010dan in odporen na zahtevno obdelavo<\/p>\n<h4>\u010ci\u0161\u010denje<\/h4>\n<p>Oblite metlice za optimalno higieno<br \/> Zvon in rezilo je mogo\u010de odstraniti za enostavno \u010di\u0161\u010denje, popolno higieno in enostavno vzdr\u017eevanje \u2013 ekskluzivni patentirani sistem Robot Coupe.<br \/> &nbsp;<\/p>\n<h4>Ergonomija<\/h4>\n<p>Inovativna izboklina na ohi\u0161ju motorja slu\u017ei kot naslon in vrti\u0161\u010de na robu ponve. Uporabniku je la\u017eje in varneje rokovati. Nov sistem navijanja napajalnega kabla za enostavno shranjevanje in optimizirano \u017eivljenjsko dobo.<br \/> Stenski nosilec ponuja prakti\u010dno re\u0161itev za shranjevanje tako potopnega me\u0161alnika kot njegovih nastavkov.<\/p>\n<h4>Enostavna uporaba<\/h4>\n<p>Metalke je mogo\u010de hitro pritrditi na nastavek, nastavek pa na motorno enoto, kar omogo\u010da enostavno monta\u017eo in demonta\u017eo.<br \/> Ergonomski ro\u010daj za ve\u010dje udobje uporabnika in bolj ergonomski gumb za nastavljivo hitrost za ve\u010dje udobje.<\/p>\n<h4>Snemljiv napajalni kabel<\/h4>\n<p>Nov patentiran sistem \u00bbEasyPlug\u00ab omogo\u010da enostavno zamenjavo napajalnega kabla, \u010de je potrebno. Osvetljen indikator napetosti: hitro zaznavanje v primeru okvare napajalnega kabla. Indikator zasveti, \u010de kabel ni po\u0161kodovan in je pravilno priklju\u010den na obeh straneh (stenska vti\u010dnica in EasyPlug).<\/p>\n","protected":false},"excerpt":{"rendered":"<p>\u0160e bolj\u0161a zmogljivost in ergonomija!<br \/> Za intenzivno uporabo, ustanove in gostinske obrate.<br \/> Z najve\u010djo prostornino 50 l lahko MP 350 Combi Ultra me\u0161a, stepa, gnete in emulgira v hipu.<\/p>\n","protected":false},"featured_media":95025,"comment_status":"closed","ping_status":"closed","template":"","meta":{"_acf_changed":false},"product_brand":[168],"product_cat":[66],"product_tag":[],"class_list":{"0":"post-95774","1":"product","2":"type-product","3":"status-publish","4":"has-post-thumbnail","6":"product_brand-robot-coupe","7":"product_cat-palicni-mesalniki","9":"first","10":"instock","11":"shipping-taxable","12":"purchasable","13":"product-type-variable"},"acf":[],"_links":{"self":[{"href":"https:\/\/go-st.vizia.si\/index.php?rest_route=\/wp\/v2\/product\/95774","targetHints":{"allow":["GET"]}}],"collection":[{"href":"https:\/\/go-st.vizia.si\/index.php?rest_route=\/wp\/v2\/product"}],"about":[{"href":"https:\/\/go-st.vizia.si\/index.php?rest_route=\/wp\/v2\/types\/product"}],"replies":[{"embeddable":true,"href":"https:\/\/go-st.vizia.si\/index.php?rest_route=%2Fwp%2Fv2%2Fcomments&post=95774"}],"wp:featuredmedia":[{"embeddable":true,"href":"https:\/\/go-st.vizia.si\/index.php?rest_route=\/wp\/v2\/media\/95025"}],"wp:attachment":[{"href":"https:\/\/go-st.vizia.si\/index.php?rest_route=%2Fwp%2Fv2%2Fmedia&parent=95774"}],"wp:term":[{"taxonomy":"product_brand","embeddable":true,"href":"https:\/\/go-st.vizia.si\/index.php?rest_route=%2Fwp%2Fv2%2Fproduct_brand&post=95774"},{"taxonomy":"product_cat","embeddable":true,"href":"https:\/\/go-st.vizia.si\/index.php?rest_route=%2Fwp%2Fv2%2Fproduct_cat&post=95774"},{"taxonomy":"product_tag","embeddable":true,"href":"https:\/\/go-st.vizia.si\/index.php?rest_route=%2Fwp%2Fv2%2Fproduct_tag&post=95774"}],"curies":[{"name":"wp","href":"https:\/\/api.w.org\/{rel}","templated":true}]}}