{"id":95780,"date":"2026-02-20T10:24:29","date_gmt":"2026-02-20T10:24:29","guid":{"rendered":"https:\/\/go-st.vizia.si\/?product=avtomatski-sokovnik-j-100"},"modified":"2026-02-20T11:34:35","modified_gmt":"2026-02-20T11:34:35","slug":"avtomatski-sokovnik-j-100","status":"publish","type":"product","link":"https:\/\/go-st.vizia.si\/?product=avtomatski-sokovnik-j-100","title":{"rendered":"Avtomatski sokovnik J 100"},"content":{"rendered":"<h3 class=\"desc-headings\">Avtomatski polnilni lijak<\/h3>\n<p>Ekskluzivni sistem samodejnega podajanja odpravlja potrebo po potiska\u010du. Sadje in zelenjava se predelata hitro in brez napora.<\/p>\n<h3 class=\"desc-headings\">Brez segrevanja sestavin<\/h3>\n<p>- Vitamini, hranila in antioksidanti se ohranijo<br \/> - Brez segrevanja predelanih izdelkov<\/p>\n<h3 class=\"desc-headings\">Zmogljiv in tih<\/h3>\n<p>Zahvaljujo\u010d nizki ravni hrupa lahko na\u0161o enoto upravljate neposredno pred stranko.<br \/> Zmogljiv 1000 W motor je zasnovan za intenzivno uporabo tudi v najzahtevnej\u0161ih barih s sokovi in kavarne.<\/p>\n<h3 class=\"desc-headings\">Oja\u010dan disk za ribanje<\/h3>\n<p>Za intenzivno uporabo in vzdr\u017eljivost.<\/p>\n<h3 class=\"desc-headings\">Uporabna vi\u0161ina pod izlivom<\/h3>\n<p>Z 251 mm prostora lahko zlahka sprejme vr\u010d me\u0161alnika.<\/p>\n<h3 class=\"desc-headings\">2 nastavitvi izmeta<\/h3>\n<p>Izberete lahko \u017eeleni na\u010din: 1. Neprekinjeno izmetavanje pulpe ali<br \/> 2. V posodo velike prostornine (7,2 l)<\/p>\n","protected":false},"excerpt":{"rendered":"<p>Na\u0161 avtomatski sokovnik J 100 je zasnovan za intenzivno uporabo in je odli\u010den za bare s sokovi, prometne kavarne in restavracije ali supermarkete. Dodajte kan\u010dek sve\u017eine svoji ponudbi sadnih in zelenjavnih sokov. U\u010dinkovit, tih, robusten, z veliko koli\u010dino izhoda in hitro donosnostjo nalo\u017ebe!<\/p>\n","protected":false},"featured_media":94956,"comment_status":"closed","ping_status":"closed","template":"","meta":{"_acf_changed":false},"product_brand":[168],"product_cat":[67],"product_tag":[],"class_list":{"0":"post-95780","1":"product","2":"type-product","3":"status-publish","4":"has-post-thumbnail","6":"product_brand-robot-coupe","7":"product_cat-sokovniki","9":"first","10":"instock","11":"shipping-taxable","12":"purchasable","13":"product-type-variable"},"acf":[],"_links":{"self":[{"href":"https:\/\/go-st.vizia.si\/index.php?rest_route=\/wp\/v2\/product\/95780","targetHints":{"allow":["GET"]}}],"collection":[{"href":"https:\/\/go-st.vizia.si\/index.php?rest_route=\/wp\/v2\/product"}],"about":[{"href":"https:\/\/go-st.vizia.si\/index.php?rest_route=\/wp\/v2\/types\/product"}],"replies":[{"embeddable":true,"href":"https:\/\/go-st.vizia.si\/index.php?rest_route=%2Fwp%2Fv2%2Fcomments&post=95780"}],"wp:featuredmedia":[{"embeddable":true,"href":"https:\/\/go-st.vizia.si\/index.php?rest_route=\/wp\/v2\/media\/94956"}],"wp:attachment":[{"href":"https:\/\/go-st.vizia.si\/index.php?rest_route=%2Fwp%2Fv2%2Fmedia&parent=95780"}],"wp:term":[{"taxonomy":"product_brand","embeddable":true,"href":"https:\/\/go-st.vizia.si\/index.php?rest_route=%2Fwp%2Fv2%2Fproduct_brand&post=95780"},{"taxonomy":"product_cat","embeddable":true,"href":"https:\/\/go-st.vizia.si\/index.php?rest_route=%2Fwp%2Fv2%2Fproduct_cat&post=95780"},{"taxonomy":"product_tag","embeddable":true,"href":"https:\/\/go-st.vizia.si\/index.php?rest_route=%2Fwp%2Fv2%2Fproduct_tag&post=95780"}],"curies":[{"name":"wp","href":"https:\/\/api.w.org\/{rel}","templated":true}]}}