{"id":96984,"date":"2026-02-27T14:07:09","date_gmt":"2026-02-27T14:07:09","guid":{"rendered":"https:\/\/go-st.vizia.si\/?product=komplet-valjev-za-rezanje-steaker-nebrusen-nerjavece-jeklo"},"modified":"2026-02-27T14:07:09","modified_gmt":"2026-02-27T14:07:09","slug":"komplet-valjev-za-rezanje-steaker-nebrusen-nerjavece-jeklo","status":"publish","type":"product","link":"https:\/\/go-st.vizia.si\/?product=komplet-valjev-za-rezanje-steaker-nebrusen-nerjavece-jeklo","title":{"rendered":"Komplet valjev za rezanje steaker, nebru\u0161en, nerjave\u010de jeklo"},"content":{"rendered":"<p>Uporablja se v kombinaciji z univerzalnim pogonom TFS in lijakom (odprtina pokrova 180 x 28 mm) (glejte dodatno opremo).<\/p>\n<p>Zasnova<\/p>\n<ul>\n<li>Material: visokokakovosten komplet valjev za zrezke<br \/>z no\u017ei iz nerjave\u010dega jekla<\/li>\n<li>Oznaka GS<\/li>\n<li>CE-preizku\u0161eno<\/li>\n<li>Kompleti valjev za hitro in higiensko \u010di\u0161\u010denje<\/li>\n<li>Prepustnost pribl. 2300 kosov mesa debeline do 25 mm<br \/> na uro<\/li>\n<\/ul>\n<p>Dostava vklju\u010duje samo ta kompaktni komplet no\u017eev za zrezke iz nerjave\u010dega jekla.<\/p>\n<p>&nbsp;<\/p>\n<p>&nbsp;<\/p>\n<p>&nbsp;<\/p>\n<p>&nbsp;<\/p>\n<p>&nbsp;<\/p>\n<p>&nbsp;<\/p>\n<p>&nbsp;<\/p>\n<p>&nbsp;<\/p>\n<p>&nbsp;<\/p>\n","protected":false},"excerpt":{"rendered":"<p>Dosledno dobri rezultati cvrtja zaradi popolne priprave izdelka. Optimalno ravnanje z mesom: meso postane mehko, <br \/>so\u010dno in so\u010dno. Zrezek se raztegne, zaradi \u010desar so zrezki in kotleti videti ve\u010dji (med kuhanjem se minimalno skr\u010dijo).<\/p>\n","protected":false},"featured_media":96669,"comment_status":"closed","ping_status":"closed","template":"","meta":{"_acf_changed":false},"product_brand":[1479],"product_cat":[62],"product_tag":[],"class_list":{"0":"post-96984","1":"product","2":"type-product","3":"status-publish","4":"has-post-thumbnail","6":"product_brand-feuma","7":"product_cat-mesoreznice","9":"first","10":"instock","11":"shipping-taxable","12":"purchasable","13":"product-type-simple"},"acf":[],"_links":{"self":[{"href":"https:\/\/go-st.vizia.si\/index.php?rest_route=\/wp\/v2\/product\/96984","targetHints":{"allow":["GET"]}}],"collection":[{"href":"https:\/\/go-st.vizia.si\/index.php?rest_route=\/wp\/v2\/product"}],"about":[{"href":"https:\/\/go-st.vizia.si\/index.php?rest_route=\/wp\/v2\/types\/product"}],"replies":[{"embeddable":true,"href":"https:\/\/go-st.vizia.si\/index.php?rest_route=%2Fwp%2Fv2%2Fcomments&post=96984"}],"wp:featuredmedia":[{"embeddable":true,"href":"https:\/\/go-st.vizia.si\/index.php?rest_route=\/wp\/v2\/media\/96669"}],"wp:attachment":[{"href":"https:\/\/go-st.vizia.si\/index.php?rest_route=%2Fwp%2Fv2%2Fmedia&parent=96984"}],"wp:term":[{"taxonomy":"product_brand","embeddable":true,"href":"https:\/\/go-st.vizia.si\/index.php?rest_route=%2Fwp%2Fv2%2Fproduct_brand&post=96984"},{"taxonomy":"product_cat","embeddable":true,"href":"https:\/\/go-st.vizia.si\/index.php?rest_route=%2Fwp%2Fv2%2Fproduct_cat&post=96984"},{"taxonomy":"product_tag","embeddable":true,"href":"https:\/\/go-st.vizia.si\/index.php?rest_route=%2Fwp%2Fv2%2Fproduct_tag&post=96984"}],"curies":[{"name":"wp","href":"https:\/\/api.w.org\/{rel}","templated":true}]}}