{"id":96986,"date":"2026-02-27T14:07:09","date_gmt":"2026-02-27T14:07:09","guid":{"rendered":"https:\/\/go-st.vizia.si\/?product=sanamat-rotorska-centrifuga-za-sadje-in-zelenjavo"},"modified":"2026-02-27T14:07:10","modified_gmt":"2026-02-27T14:07:10","slug":"sanamat-rotorska-centrifuga-za-sadje-in-zelenjavo","status":"publish","type":"product","link":"https:\/\/go-st.vizia.si\/?product=sanamat-rotorska-centrifuga-za-sadje-in-zelenjavo","title":{"rendered":"Sanamat rotorska centrifuga za sadje in zelenjavo"},"content":{"rendered":"<p>Primerno za<\/p>\n<ul>\n<li>Sadje<\/li>\n<li>Zelenjavo<\/li>\n<\/ul>\n<p>Zasnova<\/p>\n<ul>\n<li>Zmogljiva centrifuga za sadje in zelenjavo za dom in gostinstvo<\/li>\n<li>Barva: Krom\/\u010drna<\/li>\n<li>Neprekinjena mo\u010d: 600 W<\/li>\n<li>Najvi\u0161ja mo\u010d: 1100 W<\/li>\n<li>2 hitrosti: 5500\/7000 vrt\/min<\/li>\n<li>Urna zmogljivost: pribli\u017eno 90 kg - 100 kg<\/li>\n<li>Raven hrupa: pribli\u017eno 71 dB<\/li>\n<li>Zna\u010dilnosti: Visokodinami\u010dni pogon, pladenj za zbiranje soka in centrifugalna ko\u0161ara iz nerjave\u010dega jekla, pokrov iz nerjave\u010dega jekla z velikim okroglim \u017elebom, 5-litrska plasti\u010dna posoda za pulpo<\/li>\n<li>Najve\u010dja stabilnost<\/li>\n<li>Te\u017ea: 7,5 kg<\/li>\n<\/ul>\n<p>Dostava vklju\u010duje tudi potiskalo (okrogla razli\u010dica).<\/p>\n<p>Sanamat ima neprekinjeno izhodno mo\u010d 600 W in najve\u010djo izhodno mo\u010d 1100 W. SANAMAT ponuja 2 hitrosti. Ta centrifuga za sadje in zelenjavo je enostavna za \u010di\u0161\u010denje.<br \/>Zagon je mogo\u010d \u0161ele po zaklepanju pokrova. Ta centrifuga za sadje in zelenjavo je primerna za maksimalen izkoristek soka iz skoraj vseh vrst sadja in zelenjave.<\/p>\n","protected":false},"excerpt":{"rendered":"<p>Najve\u010dji izkoristek soka je dose\u017een z optimalno zasnovo centrifugalne ko\u0161are in zmogljivim motorjem s konstantno hitrostjo.<\/p>\n","protected":false},"featured_media":96497,"comment_status":"closed","ping_status":"closed","template":"","meta":{"_acf_changed":false},"product_brand":[1479],"product_cat":[67],"product_tag":[],"class_list":{"0":"post-96986","1":"product","2":"type-product","3":"status-publish","4":"has-post-thumbnail","6":"product_brand-feuma","7":"product_cat-sokovniki","9":"first","10":"instock","11":"shipping-taxable","12":"purchasable","13":"product-type-simple"},"acf":[],"_links":{"self":[{"href":"https:\/\/go-st.vizia.si\/index.php?rest_route=\/wp\/v2\/product\/96986","targetHints":{"allow":["GET"]}}],"collection":[{"href":"https:\/\/go-st.vizia.si\/index.php?rest_route=\/wp\/v2\/product"}],"about":[{"href":"https:\/\/go-st.vizia.si\/index.php?rest_route=\/wp\/v2\/types\/product"}],"replies":[{"embeddable":true,"href":"https:\/\/go-st.vizia.si\/index.php?rest_route=%2Fwp%2Fv2%2Fcomments&post=96986"}],"wp:featuredmedia":[{"embeddable":true,"href":"https:\/\/go-st.vizia.si\/index.php?rest_route=\/wp\/v2\/media\/96497"}],"wp:attachment":[{"href":"https:\/\/go-st.vizia.si\/index.php?rest_route=%2Fwp%2Fv2%2Fmedia&parent=96986"}],"wp:term":[{"taxonomy":"product_brand","embeddable":true,"href":"https:\/\/go-st.vizia.si\/index.php?rest_route=%2Fwp%2Fv2%2Fproduct_brand&post=96986"},{"taxonomy":"product_cat","embeddable":true,"href":"https:\/\/go-st.vizia.si\/index.php?rest_route=%2Fwp%2Fv2%2Fproduct_cat&post=96986"},{"taxonomy":"product_tag","embeddable":true,"href":"https:\/\/go-st.vizia.si\/index.php?rest_route=%2Fwp%2Fv2%2Fproduct_tag&post=96986"}],"curies":[{"name":"wp","href":"https:\/\/api.w.org\/{rel}","templated":true}]}}