{"id":97011,"date":"2026-02-27T14:07:15","date_gmt":"2026-02-27T14:07:15","guid":{"rendered":"https:\/\/go-st.vizia.si\/?product=supra-6e-s-kompletom-rezalnikov-za-zelenjavo"},"modified":"2026-02-27T14:07:16","modified_gmt":"2026-02-27T14:07:16","slug":"supra-6e-s-kompletom-rezalnikov-za-zelenjavo","status":"publish","type":"product","link":"https:\/\/go-st.vizia.si\/?product=supra-6e-s-kompletom-rezalnikov-za-zelenjavo","title":{"rendered":"SUPRA 6e s kompletom rezalnikov za zelenjavo"},"content":{"rendered":"<p>Zasnova<\/p>\n<ul>\n<li>Rezalnik zelenjave FEUMA SUPRA 6e, idealen za gostinstvo, hotele in negovalne ustanove<\/li>\n<li>z nastavkom za rezanje zelenjave iz nerjave\u010dega jekla (rezalna cev \u00d8 60 mm, tla\u010dna loputa 100 x 197 mm)<\/li>\n<li>s kompletom diskov iz nerjave\u010dega jekla Top 5 (nastavljiv disk z rezili 0-8 mm, disk za surovo zelenjavo 2 mm, disk za surovo zelenjavo 4 mm, disk s srpastim rezilom 4 mm, disk za rezanje trakov 3,5 x 3,5 mm)<\/li>\n<li>Pogonska enota z dvojnim elektromagnetnim varnostnim izklopom<\/li>\n<li>CE-certificirano<\/li>\n<li>Izvedba iz nerjave\u010dega jekla<\/li>\n<li>Napetost 400 V, 50 Hz, 3P+N<\/li>\n<li>Za\u0161\u010ditni razred IP 65<\/li>\n<li>Mo\u010d 0,95 \/ 1,10 kW<\/li>\n<li>2 hitrosti 140 \/ 280 vrt\/min<\/li>\n<li>Priklju\u010dni kabel pribli\u017eno 2,5 m s 5-pinskim priklju\u010dkom CEE vti\u010d, 16 A <\/li>\n<li>Te\u017ea kompleta rezalnikov zelenjave: 48,7 kg <\/li>\n<li>304 x 515 x 590 mm (\u0160 x G x V) <\/li>\n<\/ul>\n<p>Dobava vklju\u010duje univerzalni kuhinjski robot FEUMA SUPRA 6e (400 V) s kompletom rezalnikov zelenjave. Ta univerzalni kuhinjski robot izpolnjuje vse varnostne standarde. SUPRA 6e je izdelan iz nerjave\u010dega jekla in ga je zelo enostavno \u010distiti. <\/p>\n","protected":false},"excerpt":{"rendered":"<p>Za srednje velika in velika podjetja, ki dnevno pripravijo pribli\u017eno 50 do 200 obrokov. SUPRA 6e je zmogljiv univerzalni kuhinjski robot z rezalnikom za zelenjavo in 5 diski. Dodatki vklju\u010dujejo dodatna orodja za rezanje iz nerjave\u010dega jekla, kot so diski z ekstra velikim premerom (\u00d8 210 mm) in mre\u017ea za kockanje.<\/p>\n","protected":false},"featured_media":96564,"comment_status":"closed","ping_status":"closed","template":"","meta":{"_acf_changed":false},"product_brand":[1479],"product_cat":[127],"product_tag":[],"class_list":{"0":"post-97011","1":"product","2":"type-product","3":"status-publish","4":"has-post-thumbnail","6":"product_brand-feuma","7":"product_cat-rezalniki-in-sekljalniki-sadja-in-zelenjave","9":"first","10":"instock","11":"shipping-taxable","12":"purchasable","13":"product-type-simple"},"acf":[],"_links":{"self":[{"href":"https:\/\/go-st.vizia.si\/index.php?rest_route=\/wp\/v2\/product\/97011","targetHints":{"allow":["GET"]}}],"collection":[{"href":"https:\/\/go-st.vizia.si\/index.php?rest_route=\/wp\/v2\/product"}],"about":[{"href":"https:\/\/go-st.vizia.si\/index.php?rest_route=\/wp\/v2\/types\/product"}],"replies":[{"embeddable":true,"href":"https:\/\/go-st.vizia.si\/index.php?rest_route=%2Fwp%2Fv2%2Fcomments&post=97011"}],"wp:featuredmedia":[{"embeddable":true,"href":"https:\/\/go-st.vizia.si\/index.php?rest_route=\/wp\/v2\/media\/96564"}],"wp:attachment":[{"href":"https:\/\/go-st.vizia.si\/index.php?rest_route=%2Fwp%2Fv2%2Fmedia&parent=97011"}],"wp:term":[{"taxonomy":"product_brand","embeddable":true,"href":"https:\/\/go-st.vizia.si\/index.php?rest_route=%2Fwp%2Fv2%2Fproduct_brand&post=97011"},{"taxonomy":"product_cat","embeddable":true,"href":"https:\/\/go-st.vizia.si\/index.php?rest_route=%2Fwp%2Fv2%2Fproduct_cat&post=97011"},{"taxonomy":"product_tag","embeddable":true,"href":"https:\/\/go-st.vizia.si\/index.php?rest_route=%2Fwp%2Fv2%2Fproduct_tag&post=97011"}],"curies":[{"name":"wp","href":"https:\/\/api.w.org\/{rel}","templated":true}]}}