{"id":97012,"date":"2026-02-27T14:07:16","date_gmt":"2026-02-27T14:07:16","guid":{"rendered":"https:\/\/go-st.vizia.si\/?product=supra-6e-z-mesnim-setom"},"modified":"2026-02-27T14:07:16","modified_gmt":"2026-02-27T14:07:16","slug":"supra-6e-z-mesnim-setom","status":"publish","type":"product","link":"https:\/\/go-st.vizia.si\/?product=supra-6e-z-mesnim-setom","title":{"rendered":"SUPRA 6e z mesnim setom"},"content":{"rendered":"<p>Zasnova<\/p>\n<ul>\n<li>Rezalnik zelenjave FEUMA SUPRA 6e, idealen za gostinstvo, hotele in negovalne ustanove<\/li>\n<li>z mlin\u010dkom za meso in zelenjavo R 70<\/li>\n<li>z menjalnikom SUPRA za meh\u010dalec zrezkov in meh\u010dalec<\/li>\n<li>s kompaktnim kompletom rezil za meh\u010dalec zrezkov in pokrovom<\/li>\n<li>s kompletom valjev za meh\u010dalec, nastavljivim 1-5 mm, in pokrovom<\/li>\n<li>Pogonska enota z dvojnim elektromagnetnim varnostnim izklopom<\/li>\n<li>CE-certificirano<\/li>\n<li>Konstrukcija iz nerjave\u010dega jekla<\/li>\n<li>Napetost 400V, 50Hz, 3P+N<\/li>\n<li>Za\u0161\u010ditni razred IP 65<\/li>\n<li>Mo\u010d 0,95 \/ 1,10 kW<\/li>\n<li>2 hitrosti 140 \/ 280 vrt\/min<\/li>\n<li>Priklju\u010dni kabel pribli\u017eno 2,5 m s 5-pinskim CEE vti\u010dem, 16 A<\/li>\n<li>Te\u017ea kompleta za meso 59,6 kg<\/li>\n<li>304 x 515 x 590 mm (\u0160 x G x V)<\/li>\n<\/ul>\n<p>Dobava vklju\u010duje univerzalni kuhinjski robot FEUMA SUPRA 6e (400 V) in komplet za meso. Ta univerzalni kuhinjski robot izpolnjuje vse varnostne standarde. SUPRA 6e je izdelan iz nerjave\u010dega jekla in ga je zelo enostavno \u010distiti.<\/p>\n","protected":false},"excerpt":{"rendered":"<p>Za srednje velika do velika podjetja, ki dnevno pripravijo pribli\u017eno 50 do 200 obrokov. SUPRA 6e je zmogljiv univerzalni kuhinjski robot z mlin\u010dkom za meso in zelenjavo R 70 in reduktorjem SUPRA s kompaktnim kompletom valjev za no\u017ee za zrezke in pokrovom, pa tudi s kompletom valjev za meh\u010danje, nastavljivim od 1 do 5 mm, in ustreznim pokrovom. Dodatna rezalna orodja iz nerjave\u010dega jekla so na voljo kot dodatna oprema.<\/p>\n","protected":false},"featured_media":96566,"comment_status":"closed","ping_status":"closed","template":"","meta":{"_acf_changed":false},"product_brand":[1479],"product_cat":[62],"product_tag":[],"class_list":{"0":"post-97012","1":"product","2":"type-product","3":"status-publish","4":"has-post-thumbnail","6":"product_brand-feuma","7":"product_cat-mesoreznice","9":"first","10":"instock","11":"shipping-taxable","12":"purchasable","13":"product-type-simple"},"acf":[],"_links":{"self":[{"href":"https:\/\/go-st.vizia.si\/index.php?rest_route=\/wp\/v2\/product\/97012","targetHints":{"allow":["GET"]}}],"collection":[{"href":"https:\/\/go-st.vizia.si\/index.php?rest_route=\/wp\/v2\/product"}],"about":[{"href":"https:\/\/go-st.vizia.si\/index.php?rest_route=\/wp\/v2\/types\/product"}],"replies":[{"embeddable":true,"href":"https:\/\/go-st.vizia.si\/index.php?rest_route=%2Fwp%2Fv2%2Fcomments&post=97012"}],"wp:featuredmedia":[{"embeddable":true,"href":"https:\/\/go-st.vizia.si\/index.php?rest_route=\/wp\/v2\/media\/96566"}],"wp:attachment":[{"href":"https:\/\/go-st.vizia.si\/index.php?rest_route=%2Fwp%2Fv2%2Fmedia&parent=97012"}],"wp:term":[{"taxonomy":"product_brand","embeddable":true,"href":"https:\/\/go-st.vizia.si\/index.php?rest_route=%2Fwp%2Fv2%2Fproduct_brand&post=97012"},{"taxonomy":"product_cat","embeddable":true,"href":"https:\/\/go-st.vizia.si\/index.php?rest_route=%2Fwp%2Fv2%2Fproduct_cat&post=97012"},{"taxonomy":"product_tag","embeddable":true,"href":"https:\/\/go-st.vizia.si\/index.php?rest_route=%2Fwp%2Fv2%2Fproduct_tag&post=97012"}],"curies":[{"name":"wp","href":"https:\/\/api.w.org\/{rel}","templated":true}]}}