{"id":97013,"date":"2026-02-27T14:07:16","date_gmt":"2026-02-27T14:07:16","guid":{"rendered":"https:\/\/go-st.vizia.si\/?product=supra-6e-z-rezalnikom-55-litra"},"modified":"2026-02-27T14:07:16","modified_gmt":"2026-02-27T14:07:16","slug":"supra-6e-z-rezalnikom-55-litra","status":"publish","type":"product","link":"https:\/\/go-st.vizia.si\/?product=supra-6e-z-rezalnikom-55-litra","title":{"rendered":"SUPRA 6e z rezalnikom 5,5 litra"},"content":{"rendered":"<p>Zasnova<\/p>\n<ul>\n<li>Rezalnik zelenjave FEUMA SUPRA 6e idealen za gostinstvo, hotele in negovalne ustanove<\/li>\n<li>Pogonska enota AE 6e s stojalom in nastavkom za rezanje SUPRA CA 5.5 L<\/li>\n<li>za sekljanje in emulgiranje zelenjave, mesa, rib, sadja, ore\u0161\u010dkov itd.<\/li>\n<li>Skupna prostornina 5,5 litra<\/li>\n<li>Prostornina do vrha gredi 3,5 litra<\/li>\n<li>Notranji premer posode 202 mm<\/li>\n<li>Notranja vi\u0161ina posode 172 mm<\/li>\n<li>Notranja vi\u0161ina gredi 114,5 mm<\/li>\n<li>2 hitrosti rezanja 1400 in 2800 vrt\/min<\/li>\n<li>2 rezili (1 gladko in 1 nazob\u010dano)<\/li>\n<li>Rezila je mogo\u010de odstraniti za \u010di\u0161\u010denje ali zamenjavo<\/li>\n<li>Koli\u010dina obdelave od 100 g do pribl. 3 kg<\/li>\n<li>Zaklepljiva odprtina za polnjenje za uporabo med delovanjem stroja<\/li>\n<li>Pokrov s strgalom<\/li>\n<li>Posoda iz nerjave\u010dega jekla, rezalna glava iz nerjave\u010dega jekla in pokrov, ki jih je mogo\u010de enostavno sestaviti brez orodja<\/li>\n<li>Pogonska enota z dvojnim elektromagnetnim varnostnim izklopom in<\/li>\n<li>za\u0161\u010dito pred ponovnim zagonom po izpadu elektri\u010dne energije,<\/li>\n<li>vklju\u010dno z monta\u017eno pu\u0161o iz nerjave\u010dega jekla in mehanizmom za hitro sprostitev zaklepanja,<\/li>\n<li>dodatno stikalo za vklop\/izklop<\/li>\n<li>CE-certificirano<\/li>\n<li>Konstrukcija iz nerjave\u010dega jekla<\/li>\n<li>Napetost 400V, 50Hz, 3P+N<\/li>\n<li>Za\u0161\u010ditni razred IP 65<\/li>\n<li>Mo\u010d 0,95 \/ 1,10 kW<\/li>\n<li>Priklju\u010dni kabel pribl. 2,5 m s 5-pinskim CEE vti\u010dem, 16 A<\/li>\n<li>Te\u017ea z rezalnikom 43,4 kg<\/li>\n<li>Dimenzije 304 x 515 x 590 mm (\u0160 x G x V)<\/li>\n<\/ul>\n<p>Dobava vklju\u010duje univerzalni kuhinjski robot FEUMA SUPRA 6e (400 V) in rezalnik. Ta univerzalni kuhinjski robot izpolnjuje vse varnostne standarde. SUPRA 6e je izdelan iz nerjave\u010dega jekla in ga je zelo enostavno \u010distiti. <\/p>\n","protected":false},"excerpt":{"rendered":"<p>Za srednje velika in velika podjetja, ki stre\u017eejo pribli\u017eno 50 do 200 obrokov na dan. SUPRA 6e je zmogljiv univerzalni kuhinjski robot z nastavkom za rezanje.<\/p>\n","protected":false},"featured_media":96571,"comment_status":"closed","ping_status":"closed","template":"","meta":{"_acf_changed":false},"product_brand":[1479],"product_cat":[62],"product_tag":[],"class_list":{"0":"post-97013","1":"product","2":"type-product","3":"status-publish","4":"has-post-thumbnail","6":"product_brand-feuma","7":"product_cat-mesoreznice","9":"first","10":"instock","11":"shipping-taxable","12":"purchasable","13":"product-type-simple"},"acf":[],"_links":{"self":[{"href":"https:\/\/go-st.vizia.si\/index.php?rest_route=\/wp\/v2\/product\/97013","targetHints":{"allow":["GET"]}}],"collection":[{"href":"https:\/\/go-st.vizia.si\/index.php?rest_route=\/wp\/v2\/product"}],"about":[{"href":"https:\/\/go-st.vizia.si\/index.php?rest_route=\/wp\/v2\/types\/product"}],"replies":[{"embeddable":true,"href":"https:\/\/go-st.vizia.si\/index.php?rest_route=%2Fwp%2Fv2%2Fcomments&post=97013"}],"wp:featuredmedia":[{"embeddable":true,"href":"https:\/\/go-st.vizia.si\/index.php?rest_route=\/wp\/v2\/media\/96571"}],"wp:attachment":[{"href":"https:\/\/go-st.vizia.si\/index.php?rest_route=%2Fwp%2Fv2%2Fmedia&parent=97013"}],"wp:term":[{"taxonomy":"product_brand","embeddable":true,"href":"https:\/\/go-st.vizia.si\/index.php?rest_route=%2Fwp%2Fv2%2Fproduct_brand&post=97013"},{"taxonomy":"product_cat","embeddable":true,"href":"https:\/\/go-st.vizia.si\/index.php?rest_route=%2Fwp%2Fv2%2Fproduct_cat&post=97013"},{"taxonomy":"product_tag","embeddable":true,"href":"https:\/\/go-st.vizia.si\/index.php?rest_route=%2Fwp%2Fv2%2Fproduct_tag&post=97013"}],"curies":[{"name":"wp","href":"https:\/\/api.w.org\/{rel}","templated":true}]}}