{"id":97014,"date":"2026-02-27T14:07:16","date_gmt":"2026-02-27T14:07:16","guid":{"rendered":"https:\/\/go-st.vizia.si\/?product=supra-6e-z-mesalom-15-litrov"},"modified":"2026-02-27T14:07:16","modified_gmt":"2026-02-27T14:07:16","slug":"supra-6e-z-mesalom-15-litrov","status":"publish","type":"product","link":"https:\/\/go-st.vizia.si\/?product=supra-6e-z-mesalom-15-litrov","title":{"rendered":"SUPRA 6e z me\u0161alom 15 litrov"},"content":{"rendered":"<p>Oblika<\/p>\n<ul>\n<li>Rezalnik zelenjave FEUMA SUPRA 6e, idealen za gostinstvo, hotele in negovalne ustanove<\/li>\n<li>s 15-litrsko me\u0161alno posodo iz nerjave\u010dega jekla, orodji iz nerjave\u010dega jekla, kot so metlica, stepalnik in kavelj za testo<\/li>\n<li>Pogonska enota z dvojnim elektromagnetnim varnostnim izklopom<\/li>\n<li>CE-certificirano<\/li>\n<li>Konstrukcija iz nerjave\u010dega jekla<\/li>\n<li>Napetost 400V, 50Hz, 3P+N<\/li>\n<li>Za\u0161\u010ditni razred IP 65<\/li>\n<li>Mo\u010d 0,95 \/ 1,10 kW<\/li>\n<li>2 hitrosti 140 \/ 280 vrt\/min<\/li>\n<li>Priklju\u010dni kabel pribl. 2,5 m s 5-pinskim CEE vti\u010dem, 16 A<\/li>\n<li>Te\u017ea s 15-litrskim me\u0161alnim nastavkom 46,6 kg<\/li>\n<li>304 x 515 x 590 mm (\u0160 x G x V)<\/li>\n<\/ul>\n<p>Dobava vklju\u010duje univerzalni kuhinjski robot FEUMA SUPRA 6e (400 V) in 15-litrski me\u0161alni nastavek. Ta univerzalni kuhinjski robot izpolnjuje vse varnostne standarde. SUPRA 6e je izdelan iz nerjave\u010dega jekla in ga je zelo enostavno \u010distiti.<\/p>\n","protected":false},"excerpt":{"rendered":"<p>Za srednje velika do velika podjetja, ki dnevno pripravijo pribli\u017eno 50 do 200 obrokov. SUPRA 6e je zmogljiv univerzalni kuhinjski robot s 15-litrsko me\u0161alno posodo. Za ta univerzalni kuhinjski robot boste med dodatki na\u0161li dodatna orodja za rezanje iz nerjave\u010dega jekla, kot so diski z ekstra velikim premerom (\u00d8 210 mm) in re\u0161etka za kockanje. <\/p>\n","protected":false},"featured_media":96576,"comment_status":"closed","ping_status":"closed","template":"","meta":{"_acf_changed":false},"product_brand":[1479],"product_cat":[127],"product_tag":[],"class_list":{"0":"post-97014","1":"product","2":"type-product","3":"status-publish","4":"has-post-thumbnail","6":"product_brand-feuma","7":"product_cat-rezalniki-in-sekljalniki-sadja-in-zelenjave","9":"first","10":"instock","11":"shipping-taxable","12":"purchasable","13":"product-type-simple"},"acf":[],"_links":{"self":[{"href":"https:\/\/go-st.vizia.si\/index.php?rest_route=\/wp\/v2\/product\/97014","targetHints":{"allow":["GET"]}}],"collection":[{"href":"https:\/\/go-st.vizia.si\/index.php?rest_route=\/wp\/v2\/product"}],"about":[{"href":"https:\/\/go-st.vizia.si\/index.php?rest_route=\/wp\/v2\/types\/product"}],"replies":[{"embeddable":true,"href":"https:\/\/go-st.vizia.si\/index.php?rest_route=%2Fwp%2Fv2%2Fcomments&post=97014"}],"wp:featuredmedia":[{"embeddable":true,"href":"https:\/\/go-st.vizia.si\/index.php?rest_route=\/wp\/v2\/media\/96576"}],"wp:attachment":[{"href":"https:\/\/go-st.vizia.si\/index.php?rest_route=%2Fwp%2Fv2%2Fmedia&parent=97014"}],"wp:term":[{"taxonomy":"product_brand","embeddable":true,"href":"https:\/\/go-st.vizia.si\/index.php?rest_route=%2Fwp%2Fv2%2Fproduct_brand&post=97014"},{"taxonomy":"product_cat","embeddable":true,"href":"https:\/\/go-st.vizia.si\/index.php?rest_route=%2Fwp%2Fv2%2Fproduct_cat&post=97014"},{"taxonomy":"product_tag","embeddable":true,"href":"https:\/\/go-st.vizia.si\/index.php?rest_route=%2Fwp%2Fv2%2Fproduct_tag&post=97014"}],"curies":[{"name":"wp","href":"https:\/\/api.w.org\/{rel}","templated":true}]}}