{"id":97019,"date":"2026-02-27T14:07:18","date_gmt":"2026-02-27T14:07:18","guid":{"rendered":"https:\/\/go-st.vizia.si\/?product=nastavljiv-komplet-drobilnih-valjev-1-5-mm"},"modified":"2026-02-27T14:07:18","modified_gmt":"2026-02-27T14:07:18","slug":"nastavljiv-komplet-drobilnih-valjev-1-5-mm","status":"publish","type":"product","link":"https:\/\/go-st.vizia.si\/?product=nastavljiv-komplet-drobilnih-valjev-1-5-mm","title":{"rendered":"Nastavljiv komplet drobilnih valjev 1-5 mm"},"content":{"rendered":"<p>Uporablja se v kombinaciji z lijakom in \"nastavljivim meh\u010dalcem mesa\". <\/p>\n<p>Zasnova<\/p>\n<ul>\n<li>Material: visokokakovosten komplet valjev za meh\u010danje mesa<\/li>\n<li>Oznaka GS<\/li>\n<li>CE certifikat<\/li>\n<li>Kompleti valjev za hitro in higiensko \u010di\u0161\u010denje<\/li>\n<\/ul>\n<p>Dostava vklju\u010duje samo ta komplet valjev za meh\u010danje mesa, nastavljiv od 1 do 5 mm.<\/p>\n","protected":false},"excerpt":{"rendered":"<p>Dosledno dobri rezultati cvrtja zaradi popolne priprave izdelka. Optimalna obdelava mesa: meso se zvije, da postane mehko, <br \/>so\u010dno in so\u010dno. Postopek valjanja pove\u010da velikost mesa (med cvrtjem se meso minimalno skr\u010di). Meh\u010dalec mesa je mogo\u010de nastaviti na \u017eeleno debelino mesa. <\/p>\n","protected":false},"featured_media":96671,"comment_status":"closed","ping_status":"closed","template":"","meta":{"_acf_changed":false},"product_brand":[1479],"product_cat":[62],"product_tag":[],"class_list":{"0":"post-97019","1":"product","2":"type-product","3":"status-publish","4":"has-post-thumbnail","6":"product_brand-feuma","7":"product_cat-mesoreznice","9":"first","10":"instock","11":"shipping-taxable","12":"purchasable","13":"product-type-simple"},"acf":[],"_links":{"self":[{"href":"https:\/\/go-st.vizia.si\/index.php?rest_route=\/wp\/v2\/product\/97019","targetHints":{"allow":["GET"]}}],"collection":[{"href":"https:\/\/go-st.vizia.si\/index.php?rest_route=\/wp\/v2\/product"}],"about":[{"href":"https:\/\/go-st.vizia.si\/index.php?rest_route=\/wp\/v2\/types\/product"}],"replies":[{"embeddable":true,"href":"https:\/\/go-st.vizia.si\/index.php?rest_route=%2Fwp%2Fv2%2Fcomments&post=97019"}],"wp:featuredmedia":[{"embeddable":true,"href":"https:\/\/go-st.vizia.si\/index.php?rest_route=\/wp\/v2\/media\/96671"}],"wp:attachment":[{"href":"https:\/\/go-st.vizia.si\/index.php?rest_route=%2Fwp%2Fv2%2Fmedia&parent=97019"}],"wp:term":[{"taxonomy":"product_brand","embeddable":true,"href":"https:\/\/go-st.vizia.si\/index.php?rest_route=%2Fwp%2Fv2%2Fproduct_brand&post=97019"},{"taxonomy":"product_cat","embeddable":true,"href":"https:\/\/go-st.vizia.si\/index.php?rest_route=%2Fwp%2Fv2%2Fproduct_cat&post=97019"},{"taxonomy":"product_tag","embeddable":true,"href":"https:\/\/go-st.vizia.si\/index.php?rest_route=%2Fwp%2Fv2%2Fproduct_tag&post=97019"}],"curies":[{"name":"wp","href":"https:\/\/api.w.org\/{rel}","templated":true}]}}