{"id":97036,"date":"2026-02-27T14:07:23","date_gmt":"2026-02-27T14:07:23","guid":{"rendered":"https:\/\/go-st.vizia.si\/?product=rezalnik-zelenjave-ted-feuma-antraciten-s-kompletom-3-diskov-ted"},"modified":"2026-02-27T14:07:23","modified_gmt":"2026-02-27T14:07:23","slug":"rezalnik-zelenjave-ted-feuma-antraciten-s-kompletom-3-diskov-ted","status":"publish","type":"product","link":"https:\/\/go-st.vizia.si\/?product=rezalnik-zelenjave-ted-feuma-antraciten-s-kompletom-3-diskov-ted","title":{"rendered":"Rezalnik zelenjave TED FEUMA, antraciten, s kompletom 3 diskov TED"},"content":{"rendered":"<p>Dizajn<\/p>\n<ul>\n<li>Rezalnik zelenjave TED, idealen za gostinstvo, hotele in negovalne ustanove<\/li>\n<li>Barva: Antracit, Material: Nerjave\u010de jeklo<\/li>\n<li>Pogonska enota z dvojnim elektromagnetnim varnostnim izklopom<br \/>in snemljivim nastavkom za rezalnik zelenjave TED UGS, rezalna cev \u00d8 60 mm, pritisna plo\u0161\u010da 174,5 x 67,5 mm<\/li>\n<li>1x nastavljiv disk z rezili 0 - 8 mm<\/li>\n<li>1x disk za ribanje surove zelenjave in sira 3 mm<\/li>\n<li>1x disk za ribanje zrezkov in sira 5 mm<\/li>\n<li>Var\u010devanje z energijo z glavnim stikalom<\/li>\n<li>CE certifikat<\/li>\n<li>Nerjave\u010de jeklo konstrukcija<\/li>\n<li>Napetost 230V, 50Hz, 1P<\/li>\n<li>GS (preizku\u0161ena varnost) s certifikatom<\/li>\n<li>Za\u0161\u010ditni razred IP 65 s certifikatom<\/li>\n<li>Mo\u010d 0,4 kW<\/li>\n<li>Nastavljiva hitrost 150 do 750 vrt\/min<\/li>\n<li>Priklju\u010dni kabel pribli\u017eno 3 m<\/li>\n<li>Te\u017ea 30 kg (vklju\u010dno z nastavkom za rezanje zelenjave TED UGS in 3 diski)<\/li>\n<li>261 x 508 x 526 mm (\u0160 x G x V)<\/li>\n<\/ul>\n<p>Dobava vklju\u010duje rezalnik zelenjave TED (230 V) z nastavkom za rezanje zelenjave TED UGS in 3 diski iz nerjave\u010dega jekla. Ta rezalnik zelenjave izpolnjuje vse varnostne standarde. Ta rezalnik zelenjave TED v antracitni barvi je izdelan iz nerjave\u010dega jekla in ga je zelo enostavno \u010distiti. <\/p>\n","protected":false},"excerpt":{"rendered":"<p>Za mala, srednja in velika podjetja, ki stre\u017eejo do pribli\u017eno 200 obrokov na dan. TED je zmogljiv kuhinjski robot s 3 diski iz nerjave\u010dega jekla \u00d8 190 mm.<\/p>\n","protected":false},"featured_media":96529,"comment_status":"closed","ping_status":"closed","template":"","meta":{"_acf_changed":false},"product_brand":[1479],"product_cat":[127],"product_tag":[],"class_list":{"0":"post-97036","1":"product","2":"type-product","3":"status-publish","4":"has-post-thumbnail","6":"product_brand-feuma","7":"product_cat-rezalniki-in-sekljalniki-sadja-in-zelenjave","9":"first","10":"instock","11":"shipping-taxable","12":"purchasable","13":"product-type-simple"},"acf":[],"_links":{"self":[{"href":"https:\/\/go-st.vizia.si\/index.php?rest_route=\/wp\/v2\/product\/97036","targetHints":{"allow":["GET"]}}],"collection":[{"href":"https:\/\/go-st.vizia.si\/index.php?rest_route=\/wp\/v2\/product"}],"about":[{"href":"https:\/\/go-st.vizia.si\/index.php?rest_route=\/wp\/v2\/types\/product"}],"replies":[{"embeddable":true,"href":"https:\/\/go-st.vizia.si\/index.php?rest_route=%2Fwp%2Fv2%2Fcomments&post=97036"}],"wp:featuredmedia":[{"embeddable":true,"href":"https:\/\/go-st.vizia.si\/index.php?rest_route=\/wp\/v2\/media\/96529"}],"wp:attachment":[{"href":"https:\/\/go-st.vizia.si\/index.php?rest_route=%2Fwp%2Fv2%2Fmedia&parent=97036"}],"wp:term":[{"taxonomy":"product_brand","embeddable":true,"href":"https:\/\/go-st.vizia.si\/index.php?rest_route=%2Fwp%2Fv2%2Fproduct_brand&post=97036"},{"taxonomy":"product_cat","embeddable":true,"href":"https:\/\/go-st.vizia.si\/index.php?rest_route=%2Fwp%2Fv2%2Fproduct_cat&post=97036"},{"taxonomy":"product_tag","embeddable":true,"href":"https:\/\/go-st.vizia.si\/index.php?rest_route=%2Fwp%2Fv2%2Fproduct_tag&post=97036"}],"curies":[{"name":"wp","href":"https:\/\/api.w.org\/{rel}","templated":true}]}}