{"id":97052,"date":"2026-02-27T14:07:28","date_gmt":"2026-02-27T14:07:28","guid":{"rendered":"https:\/\/go-st.vizia.si\/?product=55-litrski-kotel-iz-nerjavecega-jekla-za-rezalnik"},"modified":"2026-02-27T14:08:40","modified_gmt":"2026-02-27T14:08:40","slug":"55-litrski-kotel-iz-nerjavecega-jekla-za-rezalnik","status":"publish","type":"product","link":"https:\/\/go-st.vizia.si\/?product=55-litrski-kotel-iz-nerjavecega-jekla-za-rezalnik","title":{"rendered":"5,5-litrski kotel iz nerjave\u010dega jekla za rezalnik"},"content":{"rendered":"","protected":false},"excerpt":{"rendered":"<p>Dobava vklju\u010duje samo ta kotel iz nerjave\u010dega jekla za rezalnik FEUMA.<\/p>\n","protected":false},"featured_media":96883,"comment_status":"closed","ping_status":"closed","template":"","meta":{"_acf_changed":false},"product_brand":[1479],"product_cat":[62],"product_tag":[],"class_list":{"0":"post-97052","1":"product","2":"type-product","3":"status-publish","4":"has-post-thumbnail","6":"product_brand-feuma","7":"product_cat-mesoreznice","9":"first","10":"instock","11":"shipping-taxable","12":"purchasable","13":"product-type-simple"},"acf":[],"_links":{"self":[{"href":"https:\/\/go-st.vizia.si\/index.php?rest_route=\/wp\/v2\/product\/97052","targetHints":{"allow":["GET"]}}],"collection":[{"href":"https:\/\/go-st.vizia.si\/index.php?rest_route=\/wp\/v2\/product"}],"about":[{"href":"https:\/\/go-st.vizia.si\/index.php?rest_route=\/wp\/v2\/types\/product"}],"replies":[{"embeddable":true,"href":"https:\/\/go-st.vizia.si\/index.php?rest_route=%2Fwp%2Fv2%2Fcomments&post=97052"}],"wp:featuredmedia":[{"embeddable":true,"href":"https:\/\/go-st.vizia.si\/index.php?rest_route=\/wp\/v2\/media\/96883"}],"wp:attachment":[{"href":"https:\/\/go-st.vizia.si\/index.php?rest_route=%2Fwp%2Fv2%2Fmedia&parent=97052"}],"wp:term":[{"taxonomy":"product_brand","embeddable":true,"href":"https:\/\/go-st.vizia.si\/index.php?rest_route=%2Fwp%2Fv2%2Fproduct_brand&post=97052"},{"taxonomy":"product_cat","embeddable":true,"href":"https:\/\/go-st.vizia.si\/index.php?rest_route=%2Fwp%2Fv2%2Fproduct_cat&post=97052"},{"taxonomy":"product_tag","embeddable":true,"href":"https:\/\/go-st.vizia.si\/index.php?rest_route=%2Fwp%2Fv2%2Fproduct_tag&post=97052"}],"curies":[{"name":"wp","href":"https:\/\/api.w.org\/{rel}","templated":true}]}}