{"id":97054,"date":"2026-02-27T14:07:28","date_gmt":"2026-02-27T14:07:28","guid":{"rendered":"https:\/\/go-st.vizia.si\/?product=rotor-mesalni-nastavek-iz-nerjavecega-jekla-2-litra-visoka-moc"},"modified":"2026-02-27T14:07:29","modified_gmt":"2026-02-27T14:07:29","slug":"rotor-mesalni-nastavek-iz-nerjavecega-jekla-2-litra-visoka-moc","status":"publish","type":"product","link":"https:\/\/go-st.vizia.si\/?product=rotor-mesalni-nastavek-iz-nerjavecega-jekla-2-litra-visoka-moc","title":{"rendered":"ROTOR me\u0161alni nastavek iz nerjave\u010dega jekla, 2 litra, \"visoka mo\u010d\""},"content":{"rendered":"<p>Zasnova<\/p>\n<ul>\n<li>2-litrski me\u0161alni nastavek iz nerjave\u010dega jekla, primeren za motorni blok ROTOR GK 950 \/ GK 900 \/ GK 600 \/ RBB Pro in me\u0161alnik Memory Blender RMB3<\/li>\n<li>Me\u0161alni nastavek z visoko zmogljivo glavo rezila<\/li>\n<li>Posebna visoko zmogljiva glava rezila iz nerjave\u010dega jekla<\/li>\n<li>Material me\u0161alnega nastavka: nerjave\u010de jeklo<\/li>\n<li>Za me\u0161anje izdelkov vseh vrst<\/li>\n<li>Odporno na udarce in varno za \u017eivila<\/li>\n<li>Brez napora enoro\u010dno nalivanje brez kapljanja ali nerodnih gibov<\/li>\n<li>Podstavek me\u0161alnega nastavka je enostavno odstraniti z rahlim zasukom<\/li>\n<p>&nbsp;<\/p>\n<\/ul>\n<p>Dostava vklju\u010duje celoten 2-litrski me\u0161alni nastavek iz nerjave\u010dega jekla*, vklju\u010dno z zmogljivim rezilom, navojnim obro\u010dem in gumijastim tesnilom (*2 litra do roba pokrova).<\/p>\n","protected":false},"excerpt":{"rendered":"<p>V kombinaciji z me\u0161alnikom ROTOR GK950, GK900, GK600, RBB Pro ali me\u0161alnikom Memory Blender RMB3, idealen za pripravo solatnih prelivov, peko\u010dih omak, majoneze, juh, krem in test, pa tudi za sadne napitke, koktajle, mle\u010dne napitke itd.<\/p>\n","protected":false},"featured_media":96887,"comment_status":"closed","ping_status":"closed","template":"","meta":{"_acf_changed":false},"product_brand":[1479],"product_cat":[128],"product_tag":[],"class_list":{"0":"post-97054","1":"product","2":"type-product","3":"status-publish","4":"has-post-thumbnail","6":"product_brand-feuma","7":"product_cat-barski-pripomocki","9":"first","10":"instock","11":"shipping-taxable","12":"purchasable","13":"product-type-simple"},"acf":[],"_links":{"self":[{"href":"https:\/\/go-st.vizia.si\/index.php?rest_route=\/wp\/v2\/product\/97054","targetHints":{"allow":["GET"]}}],"collection":[{"href":"https:\/\/go-st.vizia.si\/index.php?rest_route=\/wp\/v2\/product"}],"about":[{"href":"https:\/\/go-st.vizia.si\/index.php?rest_route=\/wp\/v2\/types\/product"}],"replies":[{"embeddable":true,"href":"https:\/\/go-st.vizia.si\/index.php?rest_route=%2Fwp%2Fv2%2Fcomments&post=97054"}],"wp:featuredmedia":[{"embeddable":true,"href":"https:\/\/go-st.vizia.si\/index.php?rest_route=\/wp\/v2\/media\/96887"}],"wp:attachment":[{"href":"https:\/\/go-st.vizia.si\/index.php?rest_route=%2Fwp%2Fv2%2Fmedia&parent=97054"}],"wp:term":[{"taxonomy":"product_brand","embeddable":true,"href":"https:\/\/go-st.vizia.si\/index.php?rest_route=%2Fwp%2Fv2%2Fproduct_brand&post=97054"},{"taxonomy":"product_cat","embeddable":true,"href":"https:\/\/go-st.vizia.si\/index.php?rest_route=%2Fwp%2Fv2%2Fproduct_cat&post=97054"},{"taxonomy":"product_tag","embeddable":true,"href":"https:\/\/go-st.vizia.si\/index.php?rest_route=%2Fwp%2Fv2%2Fproduct_tag&post=97054"}],"curies":[{"name":"wp","href":"https:\/\/api.w.org\/{rel}","templated":true}]}}