{"id":97057,"date":"2026-02-27T14:07:29","date_gmt":"2026-02-27T14:07:29","guid":{"rendered":"https:\/\/go-st.vizia.si\/?product=rotor-mesalni-nastavek-2-litrski-plasticni-barski-mesalnik"},"modified":"2026-02-27T14:07:29","modified_gmt":"2026-02-27T14:07:29","slug":"rotor-mesalni-nastavek-2-litrski-plasticni-barski-mesalnik","status":"publish","type":"product","link":"https:\/\/go-st.vizia.si\/?product=rotor-mesalni-nastavek-2-litrski-plasticni-barski-mesalnik","title":{"rendered":"ROTOR me\u0161alni nastavek 2-litrski plasti\u010dni \"barski me\u0161alnik\""},"content":{"rendered":"<p>Zasnova<\/p>\n<ul>\n<li>2-litrski me\u0161alni nastavek, primeren za ROTOR Motor Block RBB Pro in Memory Blender RMB3<\/li>\n<li>Me\u0161alni nastavek z visoko zmogljivo glavo rezila<\/li>\n<li>Posebna visoko zmogljiva glava rezila iz nerjave\u010dega jekla<\/li>\n<li>Material me\u0161alnega nastavka: plastika<\/li>\n<li>Za me\u0161anje vseh vrst izdelkov<\/li>\n<li>Odporno na udarce in varno za \u017eivila<\/li>\n<li>Enostavno vlivanje z eno roko brez kapljanja <\/li>\n<li>Podstavek me\u0161alnega nastavka je enostavno odstraniti z majhnim obratom. <\/li>\n<\/ul>\n<p>Dostava vklju\u010duje celoten 2-litrski plasti\u010dni me\u0161alni nastavek*, vklju\u010dno z glavo z rezili, pali\u010dnim me\u0161alnikom, navojnim obro\u010dem in gumijastim tesnilom (*2 litra do roba pokrova).<\/p>\n","protected":false},"excerpt":{"rendered":"<p>V kombinaciji z ROTOR Mixer RBB Pro ali Memory Blender RMB3, idealno za pripravo solatnih prelivov, peko\u010dih omak, majoneze, juh, krem in test, pa tudi za sadne napitke, koktajle, mle\u010dne napitke itd.<\/p>\n","protected":false},"featured_media":96484,"comment_status":"closed","ping_status":"closed","template":"","meta":{"_acf_changed":false},"product_brand":[1479],"product_cat":[128],"product_tag":[],"class_list":{"0":"post-97057","1":"product","2":"type-product","3":"status-publish","4":"has-post-thumbnail","6":"product_brand-feuma","7":"product_cat-barski-pripomocki","9":"first","10":"instock","11":"shipping-taxable","12":"purchasable","13":"product-type-simple"},"acf":[],"_links":{"self":[{"href":"https:\/\/go-st.vizia.si\/index.php?rest_route=\/wp\/v2\/product\/97057","targetHints":{"allow":["GET"]}}],"collection":[{"href":"https:\/\/go-st.vizia.si\/index.php?rest_route=\/wp\/v2\/product"}],"about":[{"href":"https:\/\/go-st.vizia.si\/index.php?rest_route=\/wp\/v2\/types\/product"}],"replies":[{"embeddable":true,"href":"https:\/\/go-st.vizia.si\/index.php?rest_route=%2Fwp%2Fv2%2Fcomments&post=97057"}],"wp:featuredmedia":[{"embeddable":true,"href":"https:\/\/go-st.vizia.si\/index.php?rest_route=\/wp\/v2\/media\/96484"}],"wp:attachment":[{"href":"https:\/\/go-st.vizia.si\/index.php?rest_route=%2Fwp%2Fv2%2Fmedia&parent=97057"}],"wp:term":[{"taxonomy":"product_brand","embeddable":true,"href":"https:\/\/go-st.vizia.si\/index.php?rest_route=%2Fwp%2Fv2%2Fproduct_brand&post=97057"},{"taxonomy":"product_cat","embeddable":true,"href":"https:\/\/go-st.vizia.si\/index.php?rest_route=%2Fwp%2Fv2%2Fproduct_cat&post=97057"},{"taxonomy":"product_tag","embeddable":true,"href":"https:\/\/go-st.vizia.si\/index.php?rest_route=%2Fwp%2Fv2%2Fproduct_tag&post=97057"}],"curies":[{"name":"wp","href":"https:\/\/api.w.org\/{rel}","templated":true}]}}